{"id":1066,"date":"2023-06-23T19:46:27","date_gmt":"2023-06-23T17:46:27","guid":{"rendered":"https:\/\/rocateo.ubbcluj.ro\/?page_id=1066"},"modified":"2024-02-19T10:15:01","modified_gmt":"2024-02-19T08:15:01","slug":"research","status":"publish","type":"page","link":"https:\/\/rocateo.ubbcluj.ro\/hu\/research\/","title":{"rendered":"Kutat\u00e1s"},"content":{"rendered":"\t\t<div data-elementor-type=\"wp-page\" data-elementor-id=\"1066\" class=\"elementor elementor-1066\">\n\t\t\t\t\t\t<section class=\"elementor-section elementor-top-section elementor-element elementor-element-5b828e3 elementor-section-boxed elementor-section-height-default elementor-section-height-default wpr-particle-no wpr-jarallax-no wpr-parallax-no wpr-sticky-section-no wpr-equal-height-no\" data-id=\"5b828e3\" data-element_type=\"section\" data-e-type=\"section\" data-settings=\"{&quot;background_background&quot;:&quot;classic&quot;}\">\n\t\t\t\t\t\t\t<div class=\"elementor-background-overlay\"><\/div>\n\t\t\t\t\t\t\t<div class=\"elementor-container elementor-column-gap-no\">\n\t\t\t\t\t<div class=\"elementor-column elementor-col-100 elementor-top-column elementor-element elementor-element-73f9b90\" data-id=\"73f9b90\" data-element_type=\"column\" data-e-type=\"column\">\n\t\t\t<div class=\"elementor-widget-wrap elementor-element-populated\">\n\t\t\t\t\t\t<div class=\"elementor-element elementor-element-6cb9832 elementor-widget elementor-widget-heading\" data-id=\"6cb9832\" data-element_type=\"widget\" data-e-type=\"widget\" data-widget_type=\"heading.default\">\n\t\t\t\t<div class=\"elementor-widget-container\">\n\t\t\t\t\t<h1 class=\"elementor-heading-title elementor-size-default\">Kutat\u00e1s<\/h1>\t\t\t\t<\/div>\n\t\t\t\t<\/div>\n\t\t\t\t\t<\/div>\n\t\t<\/div>\n\t\t\t\t\t<\/div>\n\t\t<\/section>\n\t\t\t\t<section class=\"elementor-section elementor-top-section elementor-element elementor-element-7653a99 elementor-section-boxed elementor-section-height-default elementor-section-height-default wpr-particle-no wpr-jarallax-no wpr-parallax-no wpr-sticky-section-no wpr-equal-height-no\" data-id=\"7653a99\" data-element_type=\"section\" data-e-type=\"section\">\n\t\t\t\t\t\t<div class=\"elementor-container elementor-column-gap-default\">\n\t\t\t\t\t<div class=\"elementor-column elementor-col-100 elementor-top-column elementor-element elementor-element-b37d575\" data-id=\"b37d575\" data-element_type=\"column\" data-e-type=\"column\">\n\t\t\t<div class=\"elementor-widget-wrap elementor-element-populated\">\n\t\t\t\t\t\t<div class=\"elementor-element elementor-element-3d2e993 elementor-widget elementor-widget-spacer\" data-id=\"3d2e993\" data-element_type=\"widget\" data-e-type=\"widget\" data-widget_type=\"spacer.default\">\n\t\t\t\t<div class=\"elementor-widget-container\">\n\t\t\t\t\t\t\t<div class=\"elementor-spacer\">\n\t\t\t<div class=\"elementor-spacer-inner\"><\/div>\n\t\t<\/div>\n\t\t\t\t\t\t<\/div>\n\t\t\t\t<\/div>\n\t\t\t\t\t<\/div>\n\t\t<\/div>\n\t\t\t\t\t<\/div>\n\t\t<\/section>\n\t\t\t\t<section class=\"elementor-section elementor-top-section elementor-element elementor-element-082d2f4 elementor-section-boxed elementor-section-height-default elementor-section-height-default wpr-particle-no wpr-jarallax-no wpr-parallax-no wpr-sticky-section-no wpr-equal-height-no\" data-id=\"082d2f4\" data-element_type=\"section\" data-e-type=\"section\" data-settings=\"{&quot;background_background&quot;:&quot;classic&quot;}\">\n\t\t\t\t\t\t<div class=\"elementor-container elementor-column-gap-default\">\n\t\t\t\t\t<div class=\"elementor-column elementor-col-100 elementor-top-column elementor-element elementor-element-f437f16\" data-id=\"f437f16\" data-element_type=\"column\" data-e-type=\"column\">\n\t\t\t<div class=\"elementor-widget-wrap elementor-element-populated\">\n\t\t\t\t\t\t<div class=\"elementor-element elementor-element-c649202 elementor-widget elementor-widget-heading\" data-id=\"c649202\" data-element_type=\"widget\" data-e-type=\"widget\" data-widget_type=\"heading.default\">\n\t\t\t\t<div class=\"elementor-widget-container\">\n\t\t\t\t\t<h2 class=\"elementor-heading-title elementor-size-default\">Tudom\u00e1nyos foly\u00f3irataink<\/h2>\t\t\t\t<\/div>\n\t\t\t\t<\/div>\n\t\t\t\t\t<\/div>\n\t\t<\/div>\n\t\t\t\t\t<\/div>\n\t\t<\/section>\n\t\t\t\t<section class=\"elementor-section elementor-top-section elementor-element elementor-element-f676a52 elementor-section-boxed elementor-section-height-default elementor-section-height-default wpr-particle-no wpr-jarallax-no wpr-parallax-no wpr-sticky-section-no wpr-equal-height-no\" data-id=\"f676a52\" data-element_type=\"section\" data-e-type=\"section\">\n\t\t\t\t\t\t<div class=\"elementor-container elementor-column-gap-default\">\n\t\t\t\t\t<div class=\"elementor-column elementor-col-100 elementor-top-column elementor-element elementor-element-dcf1e48\" data-id=\"dcf1e48\" data-element_type=\"column\" data-e-type=\"column\">\n\t\t\t<div class=\"elementor-widget-wrap elementor-element-populated\">\n\t\t\t\t\t\t<div class=\"elementor-element elementor-element-e5fe6bc elementor-tabs-view-horizontal elementor-widget elementor-widget-tabs\" data-id=\"e5fe6bc\" data-element_type=\"widget\" data-e-type=\"widget\" data-widget_type=\"tabs.default\">\n\t\t\t\t<div class=\"elementor-widget-container\">\n\t\t\t\t\t\t\t<div class=\"elementor-tabs\">\n\t\t\t<div class=\"elementor-tabs-wrapper\" role=\"tablist\" >\n\t\t\t\t\t\t\t\t\t<div id=\"elementor-tab-title-2411\" class=\"elementor-tab-title elementor-tab-desktop-title\" aria-selected=\"true\" data-tab=\"1\" role=\"tab\" tabindex=\"0\" aria-controls=\"elementor-tab-content-2411\" aria-expanded=\"false\"> Studia Theologia Catholica Latina<\/div>\n\t\t\t\t\t\t\t\t\t<div id=\"elementor-tab-title-2412\" class=\"elementor-tab-title elementor-tab-desktop-title\" aria-selected=\"false\" data-tab=\"2\" role=\"tab\" tabindex=\"-1\" aria-controls=\"elementor-tab-content-2412\" aria-expanded=\"false\">Studia Theologica Transsylvaniensia<\/div>\n\t\t\t\t\t\t\t<\/div>\n\t\t\t<div class=\"elementor-tabs-content-wrapper\" role=\"tablist\" aria-orientation=\"vertical\">\n\t\t\t\t\t\t\t\t\t<div class=\"elementor-tab-title elementor-tab-mobile-title\" aria-selected=\"true\" data-tab=\"1\" role=\"tab\" tabindex=\"0\" aria-controls=\"elementor-tab-content-2411\" aria-expanded=\"false\"> Studia Theologia Catholica Latina<\/div>\n\t\t\t\t\t<div id=\"elementor-tab-content-2411\" class=\"elementor-tab-content elementor-clearfix\" data-tab=\"1\" role=\"tabpanel\" aria-labelledby=\"elementor-tab-title-2411\" tabindex=\"0\" hidden=\"false\"><blockquote><p><strong><a href=\"http:\/\/studia.ubbcluj.ro\/serii\/th_cat_lat\/\"><img fetchpriority=\"high\" decoding=\"async\" class=\"aligncenter wp-image-1599 size-medium\" src=\"https:\/\/rocateo.ubbcluj.ro\/wp-content\/uploads\/2023\/06\/research-1-300x273.webp\" alt=\"\" width=\"300\" height=\"273\" srcset=\"https:\/\/rocateo.ubbcluj.ro\/wp-content\/uploads\/2023\/06\/research-1-300x273.webp 300w, https:\/\/rocateo.ubbcluj.ro\/wp-content\/uploads\/2023\/06\/research-1-600x546.webp 600w, https:\/\/rocateo.ubbcluj.ro\/wp-content\/uploads\/2023\/06\/research-1.webp 620w\" sizes=\"(max-width: 300px) 100vw, 300px\" \/><\/a><\/strong><\/p><div><p><strong><span lang=\"EN-GB\">Theologia Catholica Latina<\/span><\/strong><span lang=\"EN-GB\"> (Studia Universitatis Babe\u015f-Bolyai series) is a peer-reviewed scholarly journal published by the Faculty of Roman Catholic Theology of Babe\u015f-Bolyai University since 2000. <\/span><\/p><\/div><div><p><span lang=\"EN-GB\">While focusing on theology and religious studies, the journal also publishes interdisciplinary essays on topics of interest related to religion, discussed from a historical, sociological, or psychological perspective. <\/span><\/p><\/div><div><p><span lang=\"EN-GB\">We invite original contributions, written preferably in English. Papers in German, French or Italian may also be submitted.<\/span><\/p><\/div><div><p><span lang=\"EN-GB\">The journal is indexed in <a href=\"https:\/\/kanalregister.hkdir.no\/publiseringskanaler\/erihplus\/periodical\/info.action?id=497350\">ERIH PLUS<\/a> (European Reference Index for the Humanities and Social Sciences), <a href=\"https:\/\/www.ceeol.com\/search\/search-result?f=%7B%22SearchText%22%3A%22studia%20catholica%20latina%22%2C%22SearchInOption%22%3A%223%22%7D\">CEEOL<\/a>(Central and Eastern European Online Library) Germany, <a href=\"https:\/\/www.atla.com\/wp-content\/uploads\/2023\/05\/rfh_RDBAtlas_titlelist_2023_05.xlsx\">ATLASerials,<\/a> <a href=\"https:\/\/search.library.ucsb.edu\/discovery\/fulldisplay?docid=alma9916942118606531&amp;context=L&amp;vid=01UCSB_INST:UCSB&amp;lang=en&amp;search_scope=MyInstitution&amp;adaptor=Local%20Search%20Engine&amp;tab=LibraryCatalog&amp;query=any,contains,bolyai%20latina&amp;offset=0\">Ulrich\u2019s Periodicals Directory<\/a> \u2013 Ulrich\u2019s (TM) Serials Solutions &#8211; ProQuest and EBSCOhost Online Research Databases, <a href=\"https:\/\/ixtheo.de\/Record\/518631125\">IxTheo<\/a> (Index Theologicus). <\/span><\/p><\/div><div><p><span lang=\"EN-GB\">As of September 2021, Theologia Catholica Latina is an open access journal.<\/span><\/p><\/div><div><span lang=\"EN-GB\">Abstracts of the articles are available <a href=\"http:\/\/studia.ubbcluj.ro\/serii\/th_cat_lat\/open_access.html\" target=\"_blank\" rel=\"noopener\">here<\/a>. The articles can also be accessed free of charge via Central and Eastern European Online Library Germany (CEEOL): <a href=\"http:\/\/www.ceeol.com\/\">http:\/\/www.ceeol.com<\/a> (registration required).<\/span><\/div><\/blockquote><\/div>\n\t\t\t\t\t\t\t\t\t<div class=\"elementor-tab-title elementor-tab-mobile-title\" aria-selected=\"false\" data-tab=\"2\" role=\"tab\" tabindex=\"-1\" aria-controls=\"elementor-tab-content-2412\" aria-expanded=\"false\">Studia Theologica Transsylvaniensia<\/div>\n\t\t\t\t\t<div id=\"elementor-tab-content-2412\" class=\"elementor-tab-content elementor-clearfix\" data-tab=\"2\" role=\"tabpanel\" aria-labelledby=\"elementor-tab-title-2412\" tabindex=\"0\" hidden=\"hidden\"><blockquote><p><span class=\"wsw-02\"><em><strong><a href=\"https:\/\/www.stthtr.com\/en\/\"><img decoding=\"async\" class=\"aligncenter wp-image-3046 size-medium\" src=\"https:\/\/rocateo.ubbcluj.ro\/wp-content\/uploads\/2023\/10\/studia-theologica-transsylvaniensia-822-2-278x300.webp\" alt=\"\" width=\"278\" height=\"300\" srcset=\"https:\/\/rocateo.ubbcluj.ro\/wp-content\/uploads\/2023\/10\/studia-theologica-transsylvaniensia-822-2-278x300.webp 278w, https:\/\/rocateo.ubbcluj.ro\/wp-content\/uploads\/2023\/10\/studia-theologica-transsylvaniensia-822-2-948x1024.webp 948w, https:\/\/rocateo.ubbcluj.ro\/wp-content\/uploads\/2023\/10\/studia-theologica-transsylvaniensia-822-2-768x830.webp 768w, https:\/\/rocateo.ubbcluj.ro\/wp-content\/uploads\/2023\/10\/studia-theologica-transsylvaniensia-822-2-11x12.webp 11w, https:\/\/rocateo.ubbcluj.ro\/wp-content\/uploads\/2023\/10\/studia-theologica-transsylvaniensia-822-2-600x648.webp 600w, https:\/\/rocateo.ubbcluj.ro\/wp-content\/uploads\/2023\/10\/studia-theologica-transsylvaniensia-822-2-601x649.webp 601w, https:\/\/rocateo.ubbcluj.ro\/wp-content\/uploads\/2023\/10\/studia-theologica-transsylvaniensia-822-2.webp 1024w\" sizes=\"(max-width: 278px) 100vw, 278px\" \/><\/a>Studia Theologica Transsylvaniensia<\/strong> <strong>(StThTr)<\/strong><\/em> is a peer-reviewed theological journal published annually by the Roman Catholic Seminary of Alba Iulia and the Department of Roman Catholic Pastoral Theology of Babes-Bolyai University.<\/span><\/p><p><span class=\"wsw-02\">The journal publishes original research articles and book reviews primarily in the fields of biblical, historical, systematic and practical theology, but in the spirit of interdisciplinary dialogue, contributions from disciplines related to theology are also welcome.<\/span><\/p><\/blockquote><\/div>\n\t\t\t\t\t\t\t<\/div>\n\t\t<\/div>\n\t\t\t\t\t\t<\/div>\n\t\t\t\t<\/div>\n\t\t\t\t\t<\/div>\n\t\t<\/div>\n\t\t\t\t\t<\/div>\n\t\t<\/section>\n\t\t\t\t<section class=\"elementor-section elementor-top-section elementor-element elementor-element-c13a04d elementor-section-boxed elementor-section-height-default elementor-section-height-default wpr-particle-no wpr-jarallax-no wpr-parallax-no wpr-sticky-section-no wpr-equal-height-no\" data-id=\"c13a04d\" data-element_type=\"section\" data-e-type=\"section\">\n\t\t\t\t\t\t<div class=\"elementor-container elementor-column-gap-default\">\n\t\t\t\t\t<div class=\"elementor-column elementor-col-50 elementor-top-column elementor-element elementor-element-e5347b4\" data-id=\"e5347b4\" data-element_type=\"column\" data-e-type=\"column\">\n\t\t\t<div class=\"elementor-widget-wrap elementor-element-populated\">\n\t\t\t\t\t\t<div class=\"elementor-element elementor-element-3003721 elementor-align-center elementor-widget elementor-widget-button\" data-id=\"3003721\" data-element_type=\"widget\" data-e-type=\"widget\" data-widget_type=\"button.default\">\n\t\t\t\t<div class=\"elementor-widget-container\">\n\t\t\t\t\t\t\t\t\t<div class=\"elementor-button-wrapper\">\n\t\t\t\t\t<a class=\"elementor-button elementor-button-link elementor-size-sm\" href=\"http:\/\/studia.ubbcluj.ro\/serii\/th_cat_lat\/\" target=\"_blank\">\n\t\t\t\t\t\t<span class=\"elementor-button-content-wrapper\">\n\t\t\t\t\t\t\t\t\t<span class=\"elementor-button-text\"> Studia Theologia Catholica Latina<\/span>\n\t\t\t\t\t<\/span>\n\t\t\t\t\t<\/a>\n\t\t\t\t<\/div>\n\t\t\t\t\t\t\t\t<\/div>\n\t\t\t\t<\/div>\n\t\t\t\t\t<\/div>\n\t\t<\/div>\n\t\t\t\t<div class=\"elementor-column elementor-col-50 elementor-top-column elementor-element elementor-element-d49d113\" data-id=\"d49d113\" data-element_type=\"column\" data-e-type=\"column\">\n\t\t\t<div class=\"elementor-widget-wrap elementor-element-populated\">\n\t\t\t\t\t\t<div class=\"elementor-element elementor-element-75c1618 elementor-align-center elementor-widget elementor-widget-button\" data-id=\"75c1618\" data-element_type=\"widget\" data-e-type=\"widget\" data-widget_type=\"button.default\">\n\t\t\t\t<div class=\"elementor-widget-container\">\n\t\t\t\t\t\t\t\t\t<div class=\"elementor-button-wrapper\">\n\t\t\t\t\t<a class=\"elementor-button elementor-button-link elementor-size-sm\" href=\"https:\/\/www.stthtr.com\" target=\"_blank\">\n\t\t\t\t\t\t<span class=\"elementor-button-content-wrapper\">\n\t\t\t\t\t\t\t\t\t<span class=\"elementor-button-text\">Studia Theologica Transsylvaniensia<\/span>\n\t\t\t\t\t<\/span>\n\t\t\t\t\t<\/a>\n\t\t\t\t<\/div>\n\t\t\t\t\t\t\t\t<\/div>\n\t\t\t\t<\/div>\n\t\t\t\t\t<\/div>\n\t\t<\/div>\n\t\t\t\t\t<\/div>\n\t\t<\/section>\n\t\t\t\t<section class=\"elementor-section elementor-top-section elementor-element elementor-element-d027489 elementor-section-boxed elementor-section-height-default elementor-section-height-default wpr-particle-no wpr-jarallax-no wpr-parallax-no wpr-sticky-section-no wpr-equal-height-no\" data-id=\"d027489\" data-element_type=\"section\" data-e-type=\"section\">\n\t\t\t\t\t\t<div class=\"elementor-container elementor-column-gap-default\">\n\t\t\t\t\t<div class=\"elementor-column elementor-col-100 elementor-top-column elementor-element elementor-element-69779a2\" data-id=\"69779a2\" data-element_type=\"column\" data-e-type=\"column\">\n\t\t\t<div class=\"elementor-widget-wrap elementor-element-populated\">\n\t\t\t\t\t\t<div class=\"elementor-element elementor-element-b9de237 elementor-widget elementor-widget-spacer\" data-id=\"b9de237\" data-element_type=\"widget\" data-e-type=\"widget\" data-widget_type=\"spacer.default\">\n\t\t\t\t<div class=\"elementor-widget-container\">\n\t\t\t\t\t\t\t<div class=\"elementor-spacer\">\n\t\t\t<div class=\"elementor-spacer-inner\"><\/div>\n\t\t<\/div>\n\t\t\t\t\t\t<\/div>\n\t\t\t\t<\/div>\n\t\t\t\t\t<\/div>\n\t\t<\/div>\n\t\t\t\t\t<\/div>\n\t\t<\/section>\n\t\t\t\t<\/div>\n\t\t","protected":false},"excerpt":{"rendered":"<p>Kutat\u00e1s Tudom\u00e1nyos foly\u00f3irataink Studia Theologia Catholica Latina Studia Theologica Transsylvaniensia Studia Theologia Catholica Latina Theologia Catholica Latina (Studia Universitatis Babe\u015f-Bolyai series) is a peer-reviewed scholarly journal published by the Faculty of Roman Catholic Theology of Babe\u015f-Bolyai University since 2000. While focusing on theology and religious studies, the journal also publishes interdisciplinary essays on topics of interest related to religion, discussed from a historical, sociological, or psychological perspective. We invite original contributions, written preferably in English. Papers in German, French or Italian may also be submitted. The journal is indexed in ERIH PLUS (European Reference Index for the Humanities and Social Sciences), CEEOL(Central and Eastern European Online Library) Germany, ATLASerials, Ulrich\u2019s Periodicals Directory \u2013 Ulrich\u2019s (TM) Serials Solutions &#8211; ProQuest and EBSCOhost Online Research Databases, IxTheo (Index Theologicus). As of September 2021, Theologia Catholica Latina is an open access journal. Abstracts of the articles are available here. The articles can also be accessed free of charge via Central and Eastern European Online Library Germany (CEEOL): http:\/\/www.ceeol.com (registration required). Studia Theologica Transsylvaniensia Studia Theologica Transsylvaniensia (StThTr) is a peer-reviewed theological journal published annually by the Roman Catholic Seminary of Alba Iulia and the Department of Roman Catholic Pastoral Theology of Babes-Bolyai University. The journal publishes original research articles and book reviews primarily in the fields of biblical, historical, systematic and practical theology, but in the spirit of interdisciplinary dialogue, contributions from disciplines related to theology are also welcome. Studia Theologia Catholica Latina Studia Theologica Transsylvaniensia<\/p>\n","protected":false},"author":1,"featured_media":0,"parent":0,"menu_order":0,"comment_status":"closed","ping_status":"closed","template":"","meta":{"site-sidebar-layout":"no-sidebar","site-content-layout":"page-builder","ast-site-content-layout":"default","site-content-style":"default","site-sidebar-style":"default","ast-global-header-display":"","ast-banner-title-visibility":"","ast-main-header-display":"","ast-hfb-above-header-display":"","ast-hfb-below-header-display":"","ast-hfb-mobile-header-display":"","site-post-title":"disabled","ast-breadcrumbs-content":"disabled","ast-featured-img":"disabled","footer-sml-layout":"","ast-disable-related-posts":"","theme-transparent-header-meta":"enabled","adv-header-id-meta":"","stick-header-meta":"","header-above-stick-meta":"","header-main-stick-meta":"","header-below-stick-meta":"","astra-migrate-meta-layouts":"default","ast-page-background-enabled":"default","ast-page-background-meta":{"desktop":{"background-color":"var(--ast-global-color-4)","background-image":"","background-repeat":"repeat","background-position":"center center","background-size":"auto","background-attachment":"scroll","background-type":"","background-media":"","overlay-type":"","overlay-color":"","overlay-opacity":"","overlay-gradient":""},"tablet":{"background-color":"","background-image":"","background-repeat":"repeat","background-position":"center center","background-size":"auto","background-attachment":"scroll","background-type":"","background-media":"","overlay-type":"","overlay-color":"","overlay-opacity":"","overlay-gradient":""},"mobile":{"background-color":"","background-image":"","background-repeat":"repeat","background-position":"center center","background-size":"auto","background-attachment":"scroll","background-type":"","background-media":"","overlay-type":"","overlay-color":"","overlay-opacity":"","overlay-gradient":""}},"ast-content-background-meta":{"desktop":{"background-color":"var(--ast-global-color-5)","background-image":"","background-repeat":"repeat","background-position":"center center","background-size":"auto","background-attachment":"scroll","background-type":"","background-media":"","overlay-type":"","overlay-color":"","overlay-opacity":"","overlay-gradient":""},"tablet":{"background-color":"var(--ast-global-color-5)","background-image":"","background-repeat":"repeat","background-position":"center center","background-size":"auto","background-attachment":"scroll","background-type":"","background-media":"","overlay-type":"","overlay-color":"","overlay-opacity":"","overlay-gradient":""},"mobile":{"background-color":"var(--ast-global-color-5)","background-image":"","background-repeat":"repeat","background-position":"center center","background-size":"auto","background-attachment":"scroll","background-type":"","background-media":"","overlay-type":"","overlay-color":"","overlay-opacity":"","overlay-gradient":""}},"footnotes":""},"class_list":["post-1066","page","type-page","status-publish","hentry"],"jetpack_sharing_enabled":true,"_links":{"self":[{"href":"https:\/\/rocateo.ubbcluj.ro\/hu\/wp-json\/wp\/v2\/pages\/1066","targetHints":{"allow":["GET"]}}],"collection":[{"href":"https:\/\/rocateo.ubbcluj.ro\/hu\/wp-json\/wp\/v2\/pages"}],"about":[{"href":"https:\/\/rocateo.ubbcluj.ro\/hu\/wp-json\/wp\/v2\/types\/page"}],"author":[{"embeddable":true,"href":"https:\/\/rocateo.ubbcluj.ro\/hu\/wp-json\/wp\/v2\/users\/1"}],"replies":[{"embeddable":true,"href":"https:\/\/rocateo.ubbcluj.ro\/hu\/wp-json\/wp\/v2\/comments?post=1066"}],"version-history":[{"count":112,"href":"https:\/\/rocateo.ubbcluj.ro\/hu\/wp-json\/wp\/v2\/pages\/1066\/revisions"}],"predecessor-version":[{"id":3956,"href":"https:\/\/rocateo.ubbcluj.ro\/hu\/wp-json\/wp\/v2\/pages\/1066\/revisions\/3956"}],"wp:attachment":[{"href":"https:\/\/rocateo.ubbcluj.ro\/hu\/wp-json\/wp\/v2\/media?parent=1066"}],"curies":[{"name":"wp","href":"https:\/\/api.w.org\/{rel}","templated":true}]}}