{"id":1172,"date":"2023-06-23T20:59:42","date_gmt":"2023-06-23T18:59:42","guid":{"rendered":"https:\/\/rocateo.ubbcluj.ro\/?page_id=1172"},"modified":"2025-09-29T15:12:24","modified_gmt":"2025-09-29T13:12:24","slug":"news","status":"publish","type":"page","link":"https:\/\/rocateo.ubbcluj.ro\/hu\/news\/","title":{"rendered":"H\u00edrek"},"content":{"rendered":"\t\t<div data-elementor-type=\"wp-page\" data-elementor-id=\"1172\" class=\"elementor elementor-1172\">\n\t\t\t\t\t\t<section class=\"elementor-section elementor-top-section elementor-element elementor-element-ccb5675 elementor-section-boxed elementor-section-height-default elementor-section-height-default wpr-particle-no wpr-jarallax-no wpr-parallax-no wpr-sticky-section-no\" data-id=\"ccb5675\" data-element_type=\"section\" data-e-type=\"section\">\n\t\t\t\t\t\t<div class=\"elementor-container elementor-column-gap-default\">\n\t\t\t\t\t<div class=\"elementor-column elementor-col-100 elementor-top-column elementor-element elementor-element-fe1f88a\" data-id=\"fe1f88a\" data-element_type=\"column\" data-e-type=\"column\">\n\t\t\t<div class=\"elementor-widget-wrap\">\n\t\t\t\t\t\t\t<\/div>\n\t\t<\/div>\n\t\t\t\t\t<\/div>\n\t\t<\/section>\n\t\t\t\t<section class=\"elementor-section elementor-top-section elementor-element elementor-element-651ee4020 elementor-section-boxed elementor-section-height-default elementor-section-height-default wpr-particle-no wpr-jarallax-no wpr-parallax-no wpr-sticky-section-no\" data-id=\"651ee4020\" data-element_type=\"section\" data-e-type=\"section\">\n\t\t\t\t\t\t<div class=\"elementor-container elementor-column-gap-default\">\n\t\t\t\t\t<div class=\"elementor-column elementor-col-100 elementor-top-column elementor-element elementor-element-39f8062f\" data-id=\"39f8062f\" data-element_type=\"column\" data-e-type=\"column\">\n\t\t\t<div class=\"elementor-widget-wrap elementor-element-populated\">\n\t\t\t\t\t\t<div class=\"elementor-element elementor-element-260b0f03 wpr-grid-columns-1 wpr-grid-columns--tablet1 wpr-grid-columns--mobile1 wpr-grid-pagination-center wpr-item-styles-inner elementor-widget elementor-widget-wpr-grid\" data-id=\"260b0f03\" data-element_type=\"widget\" data-e-type=\"widget\" data-widget_type=\"wpr-grid.default\">\n\t\t\t\t<div class=\"elementor-widget-container\">\n\t\t\t\t\t<ul class=\"wpr-grid-filters elementor-clearfix wpr-grid-filters-sep-right\"><li class=\" wpr-pointer-none wpr-pointer-line-fx wpr-pointer-fx-none\"><span  data-filter=\"*\" class=\"wpr-grid-filters-item wpr-active-filter \">All<\/span><em class=\"wpr-grid-filters-sep\"><\/em><\/li><\/ul><section class=\"wpr-grid elementor-clearfix\" data-settings=\"{&quot;layout&quot;:&quot;list&quot;,&quot;stick_last_element_to_bottom&quot;:&quot;no&quot;,&quot;columns_desktop&quot;:1,&quot;gutter_hr&quot;:15,&quot;gutter_hr_mobile&quot;:15,&quot;gutter_hr_mobile_extra&quot;:15,&quot;gutter_hr_tablet&quot;:15,&quot;gutter_hr_tablet_extra&quot;:15,&quot;gutter_hr_laptop&quot;:15,&quot;gutter_hr_widescreen&quot;:15,&quot;gutter_vr&quot;:50,&quot;gutter_vr_mobile&quot;:50,&quot;gutter_vr_mobile_extra&quot;:50,&quot;gutter_vr_tablet&quot;:50,&quot;gutter_vr_tablet_extra&quot;:50,&quot;gutter_vr_laptop&quot;:50,&quot;gutter_vr_widescreen&quot;:50,&quot;animation&quot;:&quot;default&quot;,&quot;animation_duration&quot;:0.3,&quot;animation_delay&quot;:0.1,&quot;deeplinking&quot;:&quot;&quot;,&quot;filters_linkable&quot;:&quot;no&quot;,&quot;filters_default_filter&quot;:&quot;&quot;,&quot;filters_count&quot;:&quot;&quot;,&quot;filters_hide_empty&quot;:&quot;yes&quot;,&quot;filters_animation&quot;:&quot;default&quot;,&quot;filters_animation_duration&quot;:0.3,&quot;filters_animation_delay&quot;:0.1,&quot;pagination_type&quot;:&quot;numbered&quot;,&quot;pagination_max_pages&quot;:6,&quot;media_align&quot;:&quot;left&quot;,&quot;media_width&quot;:25,&quot;media_distance&quot;:20,&quot;lightbox&quot;:{&quot;selector&quot;:&quot;.wpr-grid-image-wrap&quot;,&quot;iframeMaxWidth&quot;:&quot;60%&quot;,&quot;hash&quot;:false,&quot;autoplay&quot;:&quot;true&quot;,&quot;pause&quot;:5000,&quot;progressBar&quot;:&quot;true&quot;,&quot;counter&quot;:&quot;true&quot;,&quot;controls&quot;:&quot;true&quot;,&quot;getCaptionFromTitleOrAlt&quot;:&quot;true&quot;,&quot;thumbnail&quot;:&quot;&quot;,&quot;showThumbByDefault&quot;:&quot;&quot;,&quot;share&quot;:&quot;&quot;,&quot;zoom&quot;:&quot;true&quot;,&quot;fullScreen&quot;:&quot;true&quot;,&quot;download&quot;:&quot;true&quot;}}\" data-advanced-filters=\"no\"><article class=\"wpr-grid-item elementor-clearfix post-5495 post type-post status-publish format-standard hentry category-uncategorized\"><div class=\"wpr-grid-item-inner\"><div class=\"wpr-grid-item-below-content elementor-clearfix\"><h2 class=\"wpr-grid-item-title elementor-repeater-item-2d29edf wpr-grid-item-display-block wpr-grid-item-align-left wpr-pointer-none wpr-pointer-line-fx wpr-pointer-fx-fade\"><div class=\"inner-block\"><a target=\"_self\"  href=\"https:\/\/rocateo.ubbcluj.ro\/hu\/2026\/02\/19\/osztondijak-2025-2026\/\">\u00d6szt\u00f6nd\u00edjak 2025\/2026<\/a><\/div><\/h2><div class=\"wpr-grid-item-date elementor-repeater-item-589fcd9 wpr-grid-item-display-block wpr-grid-item-align-left\"><div class=\"inner-block\"><span>2026.02.19.<\/span><\/div><\/div><div class=\"wpr-grid-item-excerpt elementor-repeater-item-0025724 wpr-grid-item-display-block wpr-grid-item-align-left\"><div class=\"inner-block\"><p>2025\/2026 II. F\u00c9L\u00c9V \u00d6szt\u00f6nd\u00edjak eloszt\u00e1sa 2026. m\u00e1rcius 24. Az \u00f6szt\u00f6nd\u00edjakkal kapcsolatos hirdet\u00e9s...<\/p><\/div><\/div><div class=\"wpr-grid-item-read-more elementor-repeater-item-716d6c5 wpr-grid-item-display-block wpr-grid-item-align-left\"><div class=\"inner-block\"><a target=\"_self\" href=\"https:\/\/rocateo.ubbcluj.ro\/hu\/2026\/02\/19\/osztondijak-2025-2026\/\" class=\"wpr-button-effect wpr-button-none\"><span>B\u0151vebben<\/span><\/a><\/div><\/div><\/div><\/div><\/article><article class=\"wpr-grid-item elementor-clearfix post-5426 post type-post status-publish format-standard hentry category-uncategorized\"><div class=\"wpr-grid-item-inner\"><div class=\"wpr-grid-item-below-content elementor-clearfix\"><h2 class=\"wpr-grid-item-title elementor-repeater-item-2d29edf wpr-grid-item-display-block wpr-grid-item-align-left wpr-pointer-none wpr-pointer-line-fx wpr-pointer-fx-fade\"><div class=\"inner-block\"><a target=\"_self\"  href=\"https:\/\/rocateo.ubbcluj.ro\/hu\/2026\/02\/19\/orarend-ideiglenes\/\">\u00d3rarend<\/a><\/div><\/h2><div class=\"wpr-grid-item-date elementor-repeater-item-589fcd9 wpr-grid-item-display-block wpr-grid-item-align-left\"><div class=\"inner-block\"><span>2026.02.19.<\/span><\/div><\/div><div class=\"wpr-grid-item-excerpt elementor-repeater-item-0025724 wpr-grid-item-display-block wpr-grid-item-align-left\"><div class=\"inner-block\"><p>A Didaktikai Teol\u00f3gia Int\u00e9zet \u00f3rarendje a 2025\/2026-os egyetemi \u00e9v II. f\u00e9l\u00e9v\u00e9re ITT...<\/p><\/div><\/div><div class=\"wpr-grid-item-read-more elementor-repeater-item-716d6c5 wpr-grid-item-display-block wpr-grid-item-align-left\"><div class=\"inner-block\"><a target=\"_self\" href=\"https:\/\/rocateo.ubbcluj.ro\/hu\/2026\/02\/19\/orarend-ideiglenes\/\" class=\"wpr-button-effect wpr-button-none\"><span>B\u0151vebben<\/span><\/a><\/div><\/div><\/div><\/div><\/article><article class=\"wpr-grid-item elementor-clearfix post-5679 post type-post status-publish format-standard hentry category-uncategorized\"><div class=\"wpr-grid-item-inner\"><div class=\"wpr-grid-item-below-content elementor-clearfix\"><h2 class=\"wpr-grid-item-title elementor-repeater-item-2d29edf wpr-grid-item-display-block wpr-grid-item-align-left wpr-pointer-none wpr-pointer-line-fx wpr-pointer-fx-fade\"><div class=\"inner-block\"><a target=\"_self\"  href=\"https:\/\/rocateo.ubbcluj.ro\/hu\/2026\/01\/06\/zarovizsgak-2026-februar\/\">Z\u00e1r\u00f3vizsg\u00e1k 2026. febru\u00e1r<\/a><\/div><\/h2><div class=\"wpr-grid-item-date elementor-repeater-item-589fcd9 wpr-grid-item-display-block wpr-grid-item-align-left\"><div class=\"inner-block\"><span>2026.01.06.<\/span><\/div><\/div><div class=\"wpr-grid-item-excerpt elementor-repeater-item-0025724 wpr-grid-item-display-block wpr-grid-item-align-left\"><div class=\"inner-block\"><p>A febru\u00e1ri z\u00e1r\u00f3vizsg\u00e1kra janu\u00e1r 26-febru\u00e1r 4. k\u00f6z\u00f6tt lehet jelentkezni. A csatolt dokumentum...<\/p><\/div><\/div><div class=\"wpr-grid-item-read-more elementor-repeater-item-716d6c5 wpr-grid-item-display-block wpr-grid-item-align-left\"><div class=\"inner-block\"><a target=\"_self\" href=\"https:\/\/rocateo.ubbcluj.ro\/hu\/2026\/01\/06\/zarovizsgak-2026-februar\/\" class=\"wpr-button-effect wpr-button-none\"><span>B\u0151vebben<\/span><\/a><\/div><\/div><\/div><\/div><\/article><article class=\"wpr-grid-item elementor-clearfix post-5663 post type-post status-publish format-standard hentry category-uncategorized\"><div class=\"wpr-grid-item-inner\"><div class=\"wpr-grid-item-below-content elementor-clearfix\"><h2 class=\"wpr-grid-item-title elementor-repeater-item-2d29edf wpr-grid-item-display-block wpr-grid-item-align-left wpr-pointer-none wpr-pointer-line-fx wpr-pointer-fx-fade\"><div class=\"inner-block\"><a target=\"_self\"  href=\"https:\/\/rocateo.ubbcluj.ro\/hu\/2025\/12\/11\/erasmus-hallgatoi-mobilitasok\/\">Erasmus hallgat\u00f3i mobilit\u00e1sok<\/a><\/div><\/h2><div class=\"wpr-grid-item-date elementor-repeater-item-589fcd9 wpr-grid-item-display-block wpr-grid-item-align-left\"><div class=\"inner-block\"><span>2025.12.11.<\/span><\/div><\/div><div class=\"wpr-grid-item-excerpt elementor-repeater-item-0025724 wpr-grid-item-display-block wpr-grid-item-align-left\"><div class=\"inner-block\"><p>A Babe\u0219-Bolyai Tudom\u00e1nyegyetem R\u00f3mai Katolikus Teol\u00f3gia Kara p\u00e1ly\u00e1zatot hirdet\u00a0az Erasmus+ program keret\u00e9ben:...<\/p><\/div><\/div><div class=\"wpr-grid-item-read-more elementor-repeater-item-716d6c5 wpr-grid-item-display-block wpr-grid-item-align-left\"><div class=\"inner-block\"><a target=\"_self\" href=\"https:\/\/rocateo.ubbcluj.ro\/hu\/2025\/12\/11\/erasmus-hallgatoi-mobilitasok\/\" class=\"wpr-button-effect wpr-button-none\"><span>B\u0151vebben<\/span><\/a><\/div><\/div><\/div><\/div><\/article><article class=\"wpr-grid-item elementor-clearfix post-5553 post type-post status-publish format-standard hentry category-uncategorized\"><div class=\"wpr-grid-item-inner\"><div class=\"wpr-grid-item-below-content elementor-clearfix\"><h2 class=\"wpr-grid-item-title elementor-repeater-item-2d29edf wpr-grid-item-display-block wpr-grid-item-align-left wpr-pointer-none wpr-pointer-line-fx wpr-pointer-fx-fade\"><div class=\"inner-block\"><a target=\"_self\"  href=\"https:\/\/rocateo.ubbcluj.ro\/hu\/2025\/11\/05\/augustinianum-konferenciak-i\/\">Augustinianum Konferenci\u00e1k I.<\/a><\/div><\/h2><div class=\"wpr-grid-item-date elementor-repeater-item-589fcd9 wpr-grid-item-display-block wpr-grid-item-align-left\"><div class=\"inner-block\"><span>2025.11.05.<\/span><\/div><\/div><div class=\"wpr-grid-item-excerpt elementor-repeater-item-0025724 wpr-grid-item-display-block wpr-grid-item-align-left\"><div class=\"inner-block\"><p>P\u00e9nteken, 2025. november 7-\u00e9n du. 16 \u00f3r\u00e1t\u00f3l ker\u00fcl sor az Augustinianum Konferencia-sorozat...<\/p><\/div><\/div><div class=\"wpr-grid-item-read-more elementor-repeater-item-716d6c5 wpr-grid-item-display-block wpr-grid-item-align-left\"><div class=\"inner-block\"><a target=\"_self\" href=\"https:\/\/rocateo.ubbcluj.ro\/hu\/2025\/11\/05\/augustinianum-konferenciak-i\/\" class=\"wpr-button-effect wpr-button-none\"><span>B\u0151vebben<\/span><\/a><\/div><\/div><\/div><\/div><\/article><article class=\"wpr-grid-item elementor-clearfix post-5574 post type-post status-publish format-standard hentry category-uncategorized\"><div class=\"wpr-grid-item-inner\"><div class=\"wpr-grid-item-below-content elementor-clearfix\"><h2 class=\"wpr-grid-item-title elementor-repeater-item-2d29edf wpr-grid-item-display-block wpr-grid-item-align-left wpr-pointer-none wpr-pointer-line-fx wpr-pointer-fx-fade\"><div class=\"inner-block\"><a target=\"_self\"  href=\"https:\/\/rocateo.ubbcluj.ro\/hu\/2025\/10\/31\/erasmus-oktatoi-es-kepzesi-mobilitasok-2025-2026\/\">Erasmus oktat\u00f3i \u00e9s k\u00e9pz\u00e9si mobilit\u00e1sok 2025\/2026<\/a><\/div><\/h2><div class=\"wpr-grid-item-date elementor-repeater-item-589fcd9 wpr-grid-item-display-block wpr-grid-item-align-left\"><div class=\"inner-block\"><span>2025.10.31.<\/span><\/div><\/div><div class=\"wpr-grid-item-excerpt elementor-repeater-item-0025724 wpr-grid-item-display-block wpr-grid-item-align-left\"><div class=\"inner-block\"><p>P\u00e1ly\u00e1zhat\u00f3 mobilit\u00e1sok a 2025\/2026-os egyetemi \u00e9vben: Oktat\u00f3i mobilit\u00e1sok: 20 x 7 nap...<\/p><\/div><\/div><div class=\"wpr-grid-item-read-more elementor-repeater-item-716d6c5 wpr-grid-item-display-block wpr-grid-item-align-left\"><div class=\"inner-block\"><a target=\"_self\" href=\"https:\/\/rocateo.ubbcluj.ro\/hu\/2025\/10\/31\/erasmus-oktatoi-es-kepzesi-mobilitasok-2025-2026\/\" class=\"wpr-button-effect wpr-button-none\"><span>B\u0151vebben<\/span><\/a><\/div><\/div><\/div><\/div><\/article><article class=\"wpr-grid-item elementor-clearfix post-5540 post type-post status-publish format-standard hentry category-uncategorized\"><div class=\"wpr-grid-item-inner\"><div class=\"wpr-grid-item-below-content elementor-clearfix\"><h2 class=\"wpr-grid-item-title elementor-repeater-item-2d29edf wpr-grid-item-display-block wpr-grid-item-align-left wpr-pointer-none wpr-pointer-line-fx wpr-pointer-fx-fade\"><div class=\"inner-block\"><a target=\"_self\"  href=\"https:\/\/rocateo.ubbcluj.ro\/hu\/2025\/10\/20\/collegium-augustinianum-szakkollegium-eloadas\/\">Collegium Augustinianum Szakkoll\u00e9gium &#8211; El\u0151ad\u00e1s<\/a><\/div><\/h2><div class=\"wpr-grid-item-date elementor-repeater-item-589fcd9 wpr-grid-item-display-block wpr-grid-item-align-left\"><div class=\"inner-block\"><span>2025.10.20.<\/span><\/div><\/div><div class=\"wpr-grid-item-excerpt elementor-repeater-item-0025724 wpr-grid-item-display-block wpr-grid-item-align-left\"><div class=\"inner-block\"><p>\u00dajraind\u00edtjuk &#8222;Szakkolis est\u00e9k&#8221; sorozatunkat, amelynek keret\u00e9ben okt\u00f3ber 20-\u00e1n, h\u00e9tf\u0151 este 8 \u00f3r\u00e1t\u00f3l...<\/p><\/div><\/div><div class=\"wpr-grid-item-read-more elementor-repeater-item-716d6c5 wpr-grid-item-display-block wpr-grid-item-align-left\"><div class=\"inner-block\"><a target=\"_self\" href=\"https:\/\/rocateo.ubbcluj.ro\/hu\/2025\/10\/20\/collegium-augustinianum-szakkollegium-eloadas\/\" class=\"wpr-button-effect wpr-button-none\"><span>B\u0151vebben<\/span><\/a><\/div><\/div><\/div><\/div><\/article><article class=\"wpr-grid-item elementor-clearfix post-5523 post type-post status-publish format-standard hentry category-uncategorized\"><div class=\"wpr-grid-item-inner\"><div class=\"wpr-grid-item-below-content elementor-clearfix\"><h2 class=\"wpr-grid-item-title elementor-repeater-item-2d29edf wpr-grid-item-display-block wpr-grid-item-align-left wpr-pointer-none wpr-pointer-line-fx wpr-pointer-fx-fade\"><div class=\"inner-block\"><a target=\"_self\"  href=\"https:\/\/rocateo.ubbcluj.ro\/hu\/2025\/10\/16\/makovecz-hallgatoi-osztondijprogram\/\">Makovecz Hallgat\u00f3i \u00d6szt\u00f6nd\u00edjprogram<\/a><\/div><\/h2><div class=\"wpr-grid-item-date elementor-repeater-item-589fcd9 wpr-grid-item-display-block wpr-grid-item-align-left\"><div class=\"inner-block\"><span>2025.10.16.<\/span><\/div><\/div><div class=\"wpr-grid-item-excerpt elementor-repeater-item-0025724 wpr-grid-item-display-block wpr-grid-item-align-left\"><div class=\"inner-block\"><p>Megjelent a Makovecz Hallgat\u00f3i \u00d6szt\u00f6nd\u00edjprogram R\u00c9SZK\u00c9PZ\u0150S HALLGAT\u00d3I TANULM\u00c1NYUTAKRA vonatkoz\u00f3 p\u00e1ly\u00e1zata a\u00a02025\u20132026-os tan\u00e9v...<\/p><\/div><\/div><div class=\"wpr-grid-item-read-more elementor-repeater-item-716d6c5 wpr-grid-item-display-block wpr-grid-item-align-left\"><div class=\"inner-block\"><a target=\"_self\" href=\"https:\/\/rocateo.ubbcluj.ro\/hu\/2025\/10\/16\/makovecz-hallgatoi-osztondijprogram\/\" class=\"wpr-button-effect wpr-button-none\"><span>B\u0151vebben<\/span><\/a><\/div><\/div><\/div><\/div><\/article><\/section><div class=\"wpr-grid-pagination elementor-clearfix wpr-grid-pagination-numbered\" data-pages=\"6\"><div class=\"wpr-grid-pagi-left-arrows\"><span class=\"wpr-prev-page wpr-disabled-arrow\"><i class=\"fas fa-angle-double-left\"><\/i><span>El\u0151z\u0151<\/span><\/span><\/div><span class=\"wpr-grid-current-page\">1<\/span><a href=\"https:\/\/rocateo.ubbcluj.ro\/hu\/wp-json\/wp\/v2\/pages\/1172\/page\/2\/\">2<\/a><a href=\"https:\/\/rocateo.ubbcluj.ro\/hu\/wp-json\/wp\/v2\/pages\/1172\/page\/3\/\">3<\/a><div class=\"wpr-grid-pagi-right-arrows\"><a href=\"https:\/\/rocateo.ubbcluj.ro\/hu\/wp-json\/wp\/v2\/pages\/1172\/page\/2\/\" class=\"wpr-next-page\"><span>K\u00f6vetkez\u0151<\/span><i class=\"fas fa-angle-double-right\"><\/i><\/a><\/div><\/div>\t\t\t\t<\/div>\n\t\t\t\t<\/div>\n\t\t\t\t\t<\/div>\n\t\t<\/div>\n\t\t\t\t\t<\/div>\n\t\t<\/section>\n\t\t\t\t<\/div>\n\t\t","protected":false},"excerpt":{"rendered":"<p>All M\u00e9di\u00e1k az \u00f6szt\u00f6nd\u00edjakhoz 2025.09.29. Minden hallgat\u00f3 figyelm\u00e9be: M\u00e9di\u00e1k az \u00f6szt\u00f6nd\u00edjakhoz ITT b\u00f6ng\u00e9szhet\u0151k. Gyakorlati tudnival\u00f3k az egyetemi&#8230; B\u0151vebben \u00d3rarend (Ideiglenes) 2025.09.24. A Didaktikai Teol\u00f3gia Int\u00e9zet ideiglenes \u00f3rarendje ITT\u00a0olvashat\u00f3. A Pasztor\u00e1lis Teol\u00f3gia Int\u00e9zet \u00f3rarendje&#8230; B\u0151vebben Tan\u00e9vnyit\u00f3 \u00fcnneps\u00e9g 2025\/26 2025.09.23. Kedves hallgat\u00f3k! Szeretettel v\u00e1runk a Teol\u00f3gia Karunk Didaktikai Teol\u00f3gia Int\u00e9zet\u00e9nek tan\u00e9vnyit\u00f3 \u00fcnneps\u00e9g\u00e9re&#8230; B\u0151vebben Felv\u00e9teli eredm\u00e9nyek 2025.07.23. 2025. szeptember 12. 15.00 A szeptemberi felv\u00e9teli el\u0151zetes eredm\u00e9nyei:\u00a0 Alapk\u00e9pz\u00e9s: Didaktikai teol\u00f3gia&#8230; B\u0151vebben Z\u00e1r\u00f3vizsg\u00e1k 2025. 2025.07.01. 2025. j\u00faliusi z\u00e1r\u00f3vizsg\u00e1k beoszt\u00e1sa\u00a0 Kolozsv\u00e1r Iratkoz\u00e1s: \u00a0\u00a0\u00a0\u00a0\u00a0\u00a0\u00a0\u00a0\u00a0\u00a0\u00a0\u00a0\u00a0\u00a0\u00a0\u00a0\u00a0\u00a0 2025. j\u00fanius 16-27. Vizsg\u00e1k: Alapk\u00e9pz\u00e9s:\u00a0\u00a0\u00a0\u00a0\u00a0\u00a0\u00a0\u00a0\u00a0\u00a0\u00a0\u00a0\u00a0\u00a0\u00a0&#8230; B\u0151vebben Ny\u00e1ri t\u00e1borok 2025 2025.05.01. Ny\u00e1ri t\u00e1borok 2025 A ny\u00e1ri vak\u00e1ci\u00f3 id\u0151szak\u00e1ban Rom\u00e1nia Munka\u00fcgyi, Csal\u00e1d\u00fcgyi, Ifj\u00fas\u00e1gi \u00e9s&#8230; B\u0151vebben Erasmus+ hallgat\u00f3i mobilit\u00e1sok, 2025\/2026 I. f\u00e9l\u00e9v\u00e9re 2025.03.29. A Babe\u0219-Bolyai Tudom\u00e1nyegyetem R\u00f3mai Katolikus Teol\u00f3gia Kara p\u00e1ly\u00e1zatot hirdet Erasmus+ program keret\u00e9ben&#8230; B\u0151vebben IV. Nemzetk\u00f6zi Doktorandusz Konferencia a Laudato Si\u2019 kezdet\u0171 enciklika 10. \u00e9vfordul\u00f3j\u00e1ra 2025.03.20.B\u0151vebben El\u0151z\u015112345K\u00f6vetkez\u0151<\/p>\n","protected":false},"author":1,"featured_media":0,"parent":0,"menu_order":0,"comment_status":"closed","ping_status":"closed","template":"elementor_header_footer","meta":{"site-sidebar-layout":"no-sidebar","site-content-layout":"page-builder","ast-site-content-layout":"default","site-content-style":"default","site-sidebar-style":"default","ast-global-header-display":"","ast-banner-title-visibility":"","ast-main-header-display":"","ast-hfb-above-header-display":"","ast-hfb-below-header-display":"","ast-hfb-mobile-header-display":"","site-post-title":"disabled","ast-breadcrumbs-content":"","ast-featured-img":"disabled","footer-sml-layout":"","ast-disable-related-posts":"","theme-transparent-header-meta":"","adv-header-id-meta":"","stick-header-meta":"","header-above-stick-meta":"","header-main-stick-meta":"","header-below-stick-meta":"","astra-migrate-meta-layouts":"default","ast-page-background-enabled":"default","ast-page-background-meta":{"desktop":{"background-color":"var(--ast-global-color-4)","background-image":"","background-repeat":"repeat","background-position":"center center","background-size":"auto","background-attachment":"scroll","background-type":"","background-media":"","overlay-type":"","overlay-color":"","overlay-opacity":"","overlay-gradient":""},"tablet":{"background-color":"","background-image":"","background-repeat":"repeat","background-position":"center center","background-size":"auto","background-attachment":"scroll","background-type":"","background-media":"","overlay-type":"","overlay-color":"","overlay-opacity":"","overlay-gradient":""},"mobile":{"background-color":"","background-image":"","background-repeat":"repeat","background-position":"center center","background-size":"auto","background-attachment":"scroll","background-type":"","background-media":"","overlay-type":"","overlay-color":"","overlay-opacity":"","overlay-gradient":""}},"ast-content-background-meta":{"desktop":{"background-color":"var(--ast-global-color-5)","background-image":"","background-repeat":"repeat","background-position":"center center","background-size":"auto","background-attachment":"scroll","background-type":"","background-media":"","overlay-type":"","overlay-color":"","overlay-opacity":"","overlay-gradient":""},"tablet":{"background-color":"var(--ast-global-color-5)","background-image":"","background-repeat":"repeat","background-position":"center center","background-size":"auto","background-attachment":"scroll","background-type":"","background-media":"","overlay-type":"","overlay-color":"","overlay-opacity":"","overlay-gradient":""},"mobile":{"background-color":"var(--ast-global-color-5)","background-image":"","background-repeat":"repeat","background-position":"center center","background-size":"auto","background-attachment":"scroll","background-type":"","background-media":"","overlay-type":"","overlay-color":"","overlay-opacity":"","overlay-gradient":""}},"footnotes":""},"class_list":["post-1172","page","type-page","status-publish","hentry"],"jetpack_sharing_enabled":true,"_links":{"self":[{"href":"https:\/\/rocateo.ubbcluj.ro\/hu\/wp-json\/wp\/v2\/pages\/1172","targetHints":{"allow":["GET"]}}],"collection":[{"href":"https:\/\/rocateo.ubbcluj.ro\/hu\/wp-json\/wp\/v2\/pages"}],"about":[{"href":"https:\/\/rocateo.ubbcluj.ro\/hu\/wp-json\/wp\/v2\/types\/page"}],"author":[{"embeddable":true,"href":"https:\/\/rocateo.ubbcluj.ro\/hu\/wp-json\/wp\/v2\/users\/1"}],"replies":[{"embeddable":true,"href":"https:\/\/rocateo.ubbcluj.ro\/hu\/wp-json\/wp\/v2\/comments?post=1172"}],"version-history":[{"count":86,"href":"https:\/\/rocateo.ubbcluj.ro\/hu\/wp-json\/wp\/v2\/pages\/1172\/revisions"}],"predecessor-version":[{"id":5493,"href":"https:\/\/rocateo.ubbcluj.ro\/hu\/wp-json\/wp\/v2\/pages\/1172\/revisions\/5493"}],"wp:attachment":[{"href":"https:\/\/rocateo.ubbcluj.ro\/hu\/wp-json\/wp\/v2\/media?parent=1172"}],"curies":[{"name":"wp","href":"https:\/\/api.w.org\/{rel}","templated":true}]}}